{"id":558,"date":"2022-01-20T10:23:55","date_gmt":"2022-01-20T09:23:55","guid":{"rendered":"http:\/\/scopad.fr\/?page_id=558"},"modified":"2022-10-12T09:44:12","modified_gmt":"2022-10-12T05:44:12","slug":"ressources","status":"publish","type":"page","link":"https:\/\/sesapreunion.re\/index.php\/ressources\/","title":{"rendered":"Ressources"},"content":{"rendered":"\t\t<div data-elementor-type=\"wp-page\" data-elementor-id=\"558\" class=\"elementor elementor-558\">\n\t\t\t\t\t\t<section class=\"elementor-section elementor-top-section elementor-element elementor-element-cb5897f elementor-section-height-min-height elementor-section-boxed elementor-section-height-default elementor-section-items-middle\" data-id=\"cb5897f\" data-element_type=\"section\" data-e-type=\"section\" data-settings=\"{&quot;background_background&quot;:&quot;classic&quot;}\">\n\t\t\t\t\t\t\t<div class=\"elementor-background-overlay\"><\/div>\n\t\t\t\t\t\t\t<div class=\"elementor-container elementor-column-gap-default\">\n\t\t\t\t\t<div class=\"elementor-column elementor-col-100 elementor-top-column elementor-element elementor-element-d60397a\" data-id=\"d60397a\" data-element_type=\"column\" data-e-type=\"column\">\n\t\t\t<div class=\"elementor-widget-wrap elementor-element-populated\">\n\t\t\t\t\t\t<div class=\"elementor-element elementor-element-84ed493 elementor-widget elementor-widget-image\" data-id=\"84ed493\" data-element_type=\"widget\" data-e-type=\"widget\" data-widget_type=\"image.default\">\n\t\t\t\t<div class=\"elementor-widget-container\">\n\t\t\t\t\t\t\t\t\t\t\t\t\t\t\t<img fetchpriority=\"high\" decoding=\"async\" width=\"300\" height=\"214\" src=\"https:\/\/sesapreunion.re\/wp-content\/uploads\/2022\/07\/LOGO_SESAP_300-140x100.png\" class=\"attachment-medium size-medium wp-image-1044\" alt=\"\" srcset=\"https:\/\/sesapreunion.re\/wp-content\/uploads\/2022\/07\/LOGO_SESAP_300.png 300w, https:\/\/sesapreunion.re\/wp-content\/uploads\/2022\/07\/LOGO_SESAP_300-140x100.png 140w\" sizes=\"(max-width: 300px) 100vw, 300px\" \/>\t\t\t\t\t\t\t\t\t\t\t\t\t\t\t<\/div>\n\t\t\t\t<\/div>\n\t\t\t\t<div class=\"elementor-element elementor-element-d2dfa90 elementor-invisible elementor-widget elementor-widget-heading\" data-id=\"d2dfa90\" data-element_type=\"widget\" data-e-type=\"widget\" data-settings=\"{&quot;_animation&quot;:&quot;fadeInDown&quot;}\" data-widget_type=\"heading.default\">\n\t\t\t\t<div class=\"elementor-widget-container\">\n\t\t\t\t\t<h2 class=\"elementor-heading-title elementor-size-large\">Proc\u00e9dures et chartes<\/h2>\t\t\t\t<\/div>\n\t\t\t\t<\/div>\n\t\t\t\t\t<\/div>\n\t\t<\/div>\n\t\t\t\t\t<\/div>\n\t\t<\/section>\n\t\t\t\t<section class=\"elementor-section elementor-top-section elementor-element elementor-element-f89ecc6 elementor-section-boxed elementor-section-height-default elementor-section-height-default\" data-id=\"f89ecc6\" data-element_type=\"section\" data-e-type=\"section\">\n\t\t\t\t\t\t<div class=\"elementor-container elementor-column-gap-default\">\n\t\t\t\t\t<div class=\"elementor-column elementor-col-100 elementor-top-column elementor-element elementor-element-830d6f7\" data-id=\"830d6f7\" data-element_type=\"column\" data-e-type=\"column\" data-settings=\"{&quot;background_background&quot;:&quot;classic&quot;}\">\n\t\t\t<div class=\"elementor-widget-wrap elementor-element-populated\">\n\t\t\t\t\t\t<div class=\"elementor-element elementor-element-88f0f4e elementor-widget elementor-widget-heading\" data-id=\"88f0f4e\" data-element_type=\"widget\" data-e-type=\"widget\" data-widget_type=\"heading.default\">\n\t\t\t\t<div class=\"elementor-widget-container\">\n\t\t\t\t\t<h3 class=\"elementor-heading-title elementor-size-default\">Les modalit\u00e9s de prise en charge <br>dans le cadre des services d\u2019aide \u00e0 la personne<\/h3>\t\t\t\t<\/div>\n\t\t\t\t<\/div>\n\t\t\t\t<div class=\"elementor-element elementor-element-2207cfb elementor-widget elementor-widget-text-editor\" data-id=\"2207cfb\" data-element_type=\"widget\" data-e-type=\"widget\" data-widget_type=\"text-editor.default\">\n\t\t\t\t<div class=\"elementor-widget-container\">\n\t\t\t\t\t\t\t\t\t<p>Nos interventions sont organis\u00e9es sur la base d\u2019une relation entre :<\/p><ul><li>Le b\u00e9n\u00e9ficiaire de la prestation<\/li><li>Le r\u00e9f\u00e9rent SESAP R\u00c9UNION, soit le responsable de secteur, reste votre interlocuteur privil\u00e9gi\u00e9 au sein de l\u2019antenne de votre secteur<\/li><li>L\u2019intervenant(e) \u00e0 domicile qui assure et r\u00e9alise la prestation<\/li><\/ul><p>Nos prestations se d\u00e9composent en 4 temps:<\/p>\t\t\t\t\t\t\t\t<\/div>\n\t\t\t\t<\/div>\n\t\t\t\t<section class=\"elementor-section elementor-inner-section elementor-element elementor-element-4ec3aef elementor-section-boxed elementor-section-height-default elementor-section-height-default\" data-id=\"4ec3aef\" data-element_type=\"section\" data-e-type=\"section\">\n\t\t\t\t\t\t<div class=\"elementor-container elementor-column-gap-default\">\n\t\t\t\t\t<div class=\"elementor-column elementor-col-50 elementor-inner-column elementor-element elementor-element-253d41b\" data-id=\"253d41b\" data-element_type=\"column\" data-e-type=\"column\">\n\t\t\t<div class=\"elementor-widget-wrap elementor-element-populated\">\n\t\t\t\t\t\t<div class=\"elementor-element elementor-element-3ad4f2b elementor-widget elementor-widget-heading\" data-id=\"3ad4f2b\" data-element_type=\"widget\" data-e-type=\"widget\" data-widget_type=\"heading.default\">\n\t\t\t\t<div class=\"elementor-widget-container\">\n\t\t\t\t\t<h2 class=\"elementor-heading-title elementor-size-default\">1<\/h2>\t\t\t\t<\/div>\n\t\t\t\t<\/div>\n\t\t\t\t<div class=\"elementor-element elementor-element-6135e84 elementor-widget elementor-widget-heading\" data-id=\"6135e84\" data-element_type=\"widget\" data-e-type=\"widget\" data-widget_type=\"heading.default\">\n\t\t\t\t<div class=\"elementor-widget-container\">\n\t\t\t\t\t<h5 class=\"elementor-heading-title elementor-size-default\">Le traitement de votre demande<\/h5>\t\t\t\t<\/div>\n\t\t\t\t<\/div>\n\t\t\t\t<div class=\"elementor-element elementor-element-37da9cb elementor-widget elementor-widget-text-editor\" data-id=\"37da9cb\" data-element_type=\"widget\" data-e-type=\"widget\" data-widget_type=\"text-editor.default\">\n\t\t\t\t<div class=\"elementor-widget-container\">\n\t\t\t\t\t\t\t\t\t<p>Le responsable de secteur s\u2019assure que votre demande de services correspond aux champs d\u2019interventions de SESAP R\u00c9UNION.<\/p><p>\u00a0<\/p><p>Il prend alors rendez-vous avec vous \u00e0 votre domicile afin de proc\u00e9der \u00e0 l\u2019\u00e9valuation de vos besoins.<\/p><p>\u00a0<\/p><p>Le responsable renseigne une fiche d\u2019\u00e9valuation de vos besoins qui lui sert de support pour vous faire une proposition individualis\u00e9e de prestation.<\/p><p>\u00a0<\/p><p>Il vous informe des financements potentiels et des d\u00e9marches \u00e0 effectuer.<\/p><p>\u00a0<\/p><p>Il \u00e9tablit une fiche de mission de prise en charge d\u00e9crivant la nature et les modalit\u00e9s de la prestation, son co\u00fbt et les recours en cas de litige.<\/p><p>\u00a0<\/p><p>La proposition individualis\u00e9e et le document de prise en charge vous sont transmis par courrier pour votre \u00ab Bon pour accord \u00bb.<\/p>\t\t\t\t\t\t\t\t<\/div>\n\t\t\t\t<\/div>\n\t\t\t\t\t<\/div>\n\t\t<\/div>\n\t\t\t\t<div class=\"elementor-column elementor-col-50 elementor-inner-column elementor-element elementor-element-a1d6ed7\" data-id=\"a1d6ed7\" data-element_type=\"column\" data-e-type=\"column\">\n\t\t\t<div class=\"elementor-widget-wrap elementor-element-populated\">\n\t\t\t\t\t\t<div class=\"elementor-element elementor-element-8222582 elementor-widget elementor-widget-heading\" data-id=\"8222582\" data-element_type=\"widget\" data-e-type=\"widget\" data-widget_type=\"heading.default\">\n\t\t\t\t<div class=\"elementor-widget-container\">\n\t\t\t\t\t<h2 class=\"elementor-heading-title elementor-size-default\">2<\/h2>\t\t\t\t<\/div>\n\t\t\t\t<\/div>\n\t\t\t\t<div class=\"elementor-element elementor-element-594e32f elementor-widget elementor-widget-heading\" data-id=\"594e32f\" data-element_type=\"widget\" data-e-type=\"widget\" data-widget_type=\"heading.default\">\n\t\t\t\t<div class=\"elementor-widget-container\">\n\t\t\t\t\t<h5 class=\"elementor-heading-title elementor-size-default\">La planification et l'organisation de l'intervention<span style=\"font-size: medium;font-weight: 400;text-align: start;white-space: normal\"><\/span><\/h5>\t\t\t\t<\/div>\n\t\t\t\t<\/div>\n\t\t\t\t<div class=\"elementor-element elementor-element-a98d04e elementor-widget elementor-widget-text-editor\" data-id=\"a98d04e\" data-element_type=\"widget\" data-e-type=\"widget\" data-widget_type=\"text-editor.default\">\n\t\t\t\t<div class=\"elementor-widget-container\">\n\t\t\t\t\t\t\t\t\t<p>Le responsable de secteur choisit ensuite un intervenant dont le profil de comp\u00e9tence et la qualification correspondent \u00e0 vos attentes et besoins.<\/p><p>\u00a0<\/p><p>L\u2019intervenant re\u00e7oit le protocole d\u2019intervention contenant :<\/p><p>\u00a0<\/p><ul><li>Vos coordonn\u00e9es<\/li><li>La coordination avec d\u2019autres intervenants<\/li><li>Des observations sp\u00e9cifiques<\/li><li>Les horaires d\u2019intervention \u00e0 votre domicile<\/li><li>Les t\u00e2ches \u00e0 r\u00e9aliser<\/li><\/ul>\t\t\t\t\t\t\t\t<\/div>\n\t\t\t\t<\/div>\n\t\t\t\t\t<\/div>\n\t\t<\/div>\n\t\t\t\t\t<\/div>\n\t\t<\/section>\n\t\t\t\t<section class=\"elementor-section elementor-inner-section elementor-element elementor-element-35165e3 elementor-section-boxed elementor-section-height-default elementor-section-height-default\" data-id=\"35165e3\" data-element_type=\"section\" data-e-type=\"section\">\n\t\t\t\t\t\t<div class=\"elementor-container elementor-column-gap-default\">\n\t\t\t\t\t<div class=\"elementor-column elementor-col-50 elementor-inner-column elementor-element elementor-element-f575ff2\" data-id=\"f575ff2\" data-element_type=\"column\" data-e-type=\"column\">\n\t\t\t<div class=\"elementor-widget-wrap elementor-element-populated\">\n\t\t\t\t\t\t<div class=\"elementor-element elementor-element-2b851dd elementor-widget elementor-widget-heading\" data-id=\"2b851dd\" data-element_type=\"widget\" data-e-type=\"widget\" data-widget_type=\"heading.default\">\n\t\t\t\t<div class=\"elementor-widget-container\">\n\t\t\t\t\t<h2 class=\"elementor-heading-title elementor-size-default\">3<\/h2>\t\t\t\t<\/div>\n\t\t\t\t<\/div>\n\t\t\t\t<div class=\"elementor-element elementor-element-d8eec00 elementor-widget elementor-widget-heading\" data-id=\"d8eec00\" data-element_type=\"widget\" data-e-type=\"widget\" data-widget_type=\"heading.default\">\n\t\t\t\t<div class=\"elementor-widget-container\">\n\t\t\t\t\t<h5 class=\"elementor-heading-title elementor-size-default\">La r\u00e9alisation de l\u2019intervention<\/h5>\t\t\t\t<\/div>\n\t\t\t\t<\/div>\n\t\t\t\t<div class=\"elementor-element elementor-element-7a887b1 elementor-widget elementor-widget-text-editor\" data-id=\"7a887b1\" data-element_type=\"widget\" data-e-type=\"widget\" data-widget_type=\"text-editor.default\">\n\t\t\t\t<div class=\"elementor-widget-container\">\n\t\t\t\t\t\t\t\t\t<ul><li>Pr\u00e9sentation<\/li><\/ul><p>L\u2019intervenant vous est pr\u00e9sent\u00e9 par le responsable de SESAP R\u00c9UNION. Le premier jour, il se pr\u00e9sente \u00e0 vous, muni de son badge et de sa blouse.<\/p><p>\u00a0<\/p><ul><li>Respect du protocole<\/li><\/ul><p>L\u2019intervenant r\u00e9alise sa prestation conform\u00e9ment aux consignes mentionn\u00e9es dans son Protocole d\u2019intervention et en respectant les engagements de son cadre d\u2019intervention, du r\u00e8glement de fonctionnement (voir p.18) et des principes de la Charte Qualit\u00e9 (voir p.4).<\/p><p>\u00a0<\/p><p>\u00a0<\/p><ul><li>Continuit\u00e9 de service<\/li><\/ul><p>SESAP R\u00c9UNION a mis en place une proc\u00e9dure de remplacement en cas d\u2019absence de l\u2019intervenant afin d\u2019assurer la continuit\u00e9 du service. Vous \u00eates pr\u00e9venu de tout retard ou toute absence de l\u2019intervenant habituel.<\/p><p>\u00a0<\/p><p>SESAP R\u00c9UNION trouve, sous les meilleurs d\u00e9lais, une solution de remplacement, \u00e0 qualit\u00e9 \u00e9gale, et dans la mesure du possible, en conservant les m\u00eames plages horaires d\u2019intervention.<\/p><p>\u00a0<\/p><p>Si vos besoins n\u00e9cessitent une prise en charge le samedi, dimanche ou jour f\u00e9ri\u00e9, SESAP R\u00c9UNION se r\u00e9serve le droit de r\u00e9partir l\u2019intervention sur plusieurs intervenants afin d\u2019assurer la continuit\u00e9 de service. Vous \u00eates inform\u00e9s de tout changement d\u2019horaires selon un d\u00e9lai de pr\u00e9voyance de 24 heures, dans la mesure du possible.<\/p>\t\t\t\t\t\t\t\t<\/div>\n\t\t\t\t<\/div>\n\t\t\t\t\t<\/div>\n\t\t<\/div>\n\t\t\t\t<div class=\"elementor-column elementor-col-50 elementor-inner-column elementor-element elementor-element-f336b63\" data-id=\"f336b63\" data-element_type=\"column\" data-e-type=\"column\">\n\t\t\t<div class=\"elementor-widget-wrap elementor-element-populated\">\n\t\t\t\t\t\t<div class=\"elementor-element elementor-element-4311bba elementor-widget elementor-widget-heading\" data-id=\"4311bba\" data-element_type=\"widget\" data-e-type=\"widget\" data-widget_type=\"heading.default\">\n\t\t\t\t<div class=\"elementor-widget-container\">\n\t\t\t\t\t<h2 class=\"elementor-heading-title elementor-size-default\">4<\/h2>\t\t\t\t<\/div>\n\t\t\t\t<\/div>\n\t\t\t\t<div class=\"elementor-element elementor-element-31f2f10 elementor-widget elementor-widget-heading\" data-id=\"31f2f10\" data-element_type=\"widget\" data-e-type=\"widget\" data-widget_type=\"heading.default\">\n\t\t\t\t<div class=\"elementor-widget-container\">\n\t\t\t\t\t<h5 class=\"elementor-heading-title elementor-size-default\">La r\u00e9alisation de l'intervention<\/h5>\t\t\t\t<\/div>\n\t\t\t\t<\/div>\n\t\t\t\t<div class=\"elementor-element elementor-element-244186a elementor-widget elementor-widget-text-editor\" data-id=\"244186a\" data-element_type=\"widget\" data-e-type=\"widget\" data-widget_type=\"text-editor.default\">\n\t\t\t\t<div class=\"elementor-widget-container\">\n\t\t\t\t\t\t\t\t\t<p>Le responsable de SESAP R\u00c9UNION contacte r\u00e9guli\u00e8rement par t\u00e9l\u00e9phone votre intervenant afin de s\u2019assurer du bon d\u00e9roulement de la mission.<\/p><p>\u00a0<\/p><p>Votre intervenant a pour consigne de signaler \u00e0 son responsable de secteur les \u00e9ventuels probl\u00e8mes ou conflits qu\u2019il pourrait rencontrer. En cas de conflit important, le responsable de secteur \u00e9tablit une \u00ab fiche de signalement \u00bb transmise au service concern\u00e9 pour traitement et suite \u00e0 donner. Le responsable de SESAP R\u00c9UNION r\u00e9alise une visite de contr\u00f4le aupr\u00e8s du b\u00e9n\u00e9ficiaire 2 semaines apr\u00e8s le d\u00e9but de l\u2019intervention. \u00c0 cette occasion, un questionnaire de satisfaction sera rempli avec le collaborateur du b\u00e9n\u00e9ficiaire afin de s\u2019assurer de l\u2019adaptation de nos services \u00e0 vos besoins.<\/p><p>\u00a0<\/p><p>Une enqu\u00eate de satisfaction est r\u00e9alis\u00e9e aupr\u00e8s des b\u00e9n\u00e9ficiaires une fois tous les ans afin d\u2019am\u00e9liorer notre qualit\u00e9 de services et de mettre en oeuvre des actions correctives, si besoin.<\/p><p>\u00a0<\/p><p>Des r\u00e9unions internes seront organis\u00e9es par le responsable de la soci\u00e9t\u00e9 avec son personnel afin de:<\/p><p>\u00a0<\/p><p>Assurer la continuit\u00e9 de la qualit\u00e9 des services propos\u00e9s<\/p><p>Organiser les modalit\u00e9s mises en oeuvre pour les actions correctives<\/p><p>Soutenir et accompagner son personnel intervenant dans leurs missions professionnelles<\/p>\t\t\t\t\t\t\t\t<\/div>\n\t\t\t\t<\/div>\n\t\t\t\t\t<\/div>\n\t\t<\/div>\n\t\t\t\t\t<\/div>\n\t\t<\/section>\n\t\t\t\t\t<\/div>\n\t\t<\/div>\n\t\t\t\t\t<\/div>\n\t\t<\/section>\n\t\t\t\t<section class=\"elementor-section elementor-top-section elementor-element elementor-element-c490186 elementor-section-boxed elementor-section-height-default elementor-section-height-default\" data-id=\"c490186\" data-element_type=\"section\" data-e-type=\"section\">\n\t\t\t\t\t\t<div class=\"elementor-container elementor-column-gap-default\">\n\t\t\t\t\t<div class=\"elementor-column elementor-col-100 elementor-top-column elementor-element elementor-element-ee7713c\" data-id=\"ee7713c\" data-element_type=\"column\" data-e-type=\"column\" data-settings=\"{&quot;background_background&quot;:&quot;classic&quot;}\">\n\t\t\t<div class=\"elementor-widget-wrap elementor-element-populated\">\n\t\t\t\t\t\t<div class=\"elementor-element elementor-element-2499601 elementor-widget elementor-widget-heading\" data-id=\"2499601\" data-element_type=\"widget\" data-e-type=\"widget\" data-widget_type=\"heading.default\">\n\t\t\t\t<div class=\"elementor-widget-container\">\n\t\t\t\t\t<h3 class=\"elementor-heading-title elementor-size-default\">Charte des droits et libert\u00e9s de la personne prise en charge par le SESAP<\/h3>\t\t\t\t<\/div>\n\t\t\t\t<\/div>\n\t\t\t\t<div class=\"elementor-element elementor-element-317911f elementor-widget elementor-widget-text-editor\" data-id=\"317911f\" data-element_type=\"widget\" data-e-type=\"widget\" data-widget_type=\"text-editor.default\">\n\t\t\t\t<div class=\"elementor-widget-container\">\n\t\t\t\t\t\t\t\t\t<p>Description de la Charte des droits et libert\u00e9s de la personne prise en charge par le SESAP<\/p>\t\t\t\t\t\t\t\t<\/div>\n\t\t\t\t<\/div>\n\t\t\t\t<div class=\"elementor-element elementor-element-a3d4e56 elementor-widget elementor-widget-button\" data-id=\"a3d4e56\" data-element_type=\"widget\" data-e-type=\"widget\" data-widget_type=\"button.default\">\n\t\t\t\t<div class=\"elementor-widget-container\">\n\t\t\t\t\t\t\t\t\t<div class=\"elementor-button-wrapper\">\n\t\t\t\t\t<a class=\"elementor-button elementor-button-link elementor-size-sm\" href=\"https:\/\/sesapreunion.re\/wp-content\/uploads\/2022\/10\/3-CHARTE-DES-DROITS-ET-LIBERTE-DE-LA-PERSONNE-ACCUEILLIE.pdf\" target=\"_blank\">\n\t\t\t\t\t\t<span class=\"elementor-button-content-wrapper\">\n\t\t\t\t\t\t\t\t\t<span class=\"elementor-button-text\">Charte des droits et libert\u00e9s<\/span>\n\t\t\t\t\t<\/span>\n\t\t\t\t\t<\/a>\n\t\t\t\t<\/div>\n\t\t\t\t\t\t\t\t<\/div>\n\t\t\t\t<\/div>\n\t\t\t\t\t<\/div>\n\t\t<\/div>\n\t\t\t\t\t<\/div>\n\t\t<\/section>\n\t\t\t\t<section class=\"elementor-section elementor-top-section elementor-element elementor-element-44fba60 elementor-section-boxed elementor-section-height-default elementor-section-height-default\" data-id=\"44fba60\" data-element_type=\"section\" data-e-type=\"section\">\n\t\t\t\t\t\t<div class=\"elementor-container elementor-column-gap-default\">\n\t\t\t\t\t<div class=\"elementor-column elementor-col-33 elementor-top-column elementor-element elementor-element-4e2b9d7\" data-id=\"4e2b9d7\" data-element_type=\"column\" data-e-type=\"column\" data-settings=\"{&quot;background_background&quot;:&quot;classic&quot;}\">\n\t\t\t<div class=\"elementor-widget-wrap elementor-element-populated\">\n\t\t\t\t\t\t<div class=\"elementor-element elementor-element-94ba860 elementor-widget elementor-widget-heading\" data-id=\"94ba860\" data-element_type=\"widget\" data-e-type=\"widget\" data-widget_type=\"heading.default\">\n\t\t\t\t<div class=\"elementor-widget-container\">\n\t\t\t\t\t<h3 class=\"elementor-heading-title elementor-size-default\">La Charte Qualit\u00e9 du SESAP<\/h3>\t\t\t\t<\/div>\n\t\t\t\t<\/div>\n\t\t\t\t<div class=\"elementor-element elementor-element-60408b7 elementor-widget elementor-widget-text-editor\" data-id=\"60408b7\" data-element_type=\"widget\" data-e-type=\"widget\" data-widget_type=\"text-editor.default\">\n\t\t\t\t<div class=\"elementor-widget-container\">\n\t\t\t\t\t\t\t\t\t<p>Description de la Charte Qualit\u00e9 des prestations effectu\u00e9es par le SESAP<\/p>\t\t\t\t\t\t\t\t<\/div>\n\t\t\t\t<\/div>\n\t\t\t\t<div class=\"elementor-element elementor-element-0f6f2df elementor-widget elementor-widget-button\" data-id=\"0f6f2df\" data-element_type=\"widget\" data-e-type=\"widget\" data-widget_type=\"button.default\">\n\t\t\t\t<div class=\"elementor-widget-container\">\n\t\t\t\t\t\t\t\t\t<div class=\"elementor-button-wrapper\">\n\t\t\t\t\t<a class=\"elementor-button elementor-button-link elementor-size-sm\" href=\"https:\/\/sesapreunion.re\/wp-content\/uploads\/2022\/10\/CHARTE-QUALITE-SESAP-Re\u0301union.pdf\" target=\"_blank\">\n\t\t\t\t\t\t<span class=\"elementor-button-content-wrapper\">\n\t\t\t\t\t\t\t\t\t<span class=\"elementor-button-text\">Charte Qualit\u00e9 <\/span>\n\t\t\t\t\t<\/span>\n\t\t\t\t\t<\/a>\n\t\t\t\t<\/div>\n\t\t\t\t\t\t\t\t<\/div>\n\t\t\t\t<\/div>\n\t\t\t\t\t<\/div>\n\t\t<\/div>\n\t\t\t\t<div class=\"elementor-column elementor-col-33 elementor-top-column elementor-element elementor-element-8c1fb69\" data-id=\"8c1fb69\" data-element_type=\"column\" data-e-type=\"column\" data-settings=\"{&quot;background_background&quot;:&quot;classic&quot;}\">\n\t\t\t<div class=\"elementor-widget-wrap elementor-element-populated\">\n\t\t\t\t\t\t<div class=\"elementor-element elementor-element-cfb2476 elementor-widget elementor-widget-heading\" data-id=\"cfb2476\" data-element_type=\"widget\" data-e-type=\"widget\" data-widget_type=\"heading.default\">\n\t\t\t\t<div class=\"elementor-widget-container\">\n\t\t\t\t\t<h3 class=\"elementor-heading-title elementor-size-default\">Notre Livret d'Accueil<\/h3>\t\t\t\t<\/div>\n\t\t\t\t<\/div>\n\t\t\t\t<div class=\"elementor-element elementor-element-23d5bac elementor-widget elementor-widget-text-editor\" data-id=\"23d5bac\" data-element_type=\"widget\" data-e-type=\"widget\" data-widget_type=\"text-editor.default\">\n\t\t\t\t<div class=\"elementor-widget-container\">\n\t\t\t\t\t\t\t\t\t<p>Dans ce livret vous trouverez toutes nos prestations SESAP.<\/p>\t\t\t\t\t\t\t\t<\/div>\n\t\t\t\t<\/div>\n\t\t\t\t<div class=\"elementor-element elementor-element-843ef25 elementor-widget elementor-widget-spacer\" data-id=\"843ef25\" data-element_type=\"widget\" data-e-type=\"widget\" data-widget_type=\"spacer.default\">\n\t\t\t\t<div class=\"elementor-widget-container\">\n\t\t\t\t\t\t\t<div class=\"elementor-spacer\">\n\t\t\t<div class=\"elementor-spacer-inner\"><\/div>\n\t\t<\/div>\n\t\t\t\t\t\t<\/div>\n\t\t\t\t<\/div>\n\t\t\t\t<div class=\"elementor-element elementor-element-7e5fa12 elementor-widget elementor-widget-button\" data-id=\"7e5fa12\" data-element_type=\"widget\" data-e-type=\"widget\" data-widget_type=\"button.default\">\n\t\t\t\t<div class=\"elementor-widget-container\">\n\t\t\t\t\t\t\t\t\t<div class=\"elementor-button-wrapper\">\n\t\t\t\t\t<a class=\"elementor-button elementor-button-link elementor-size-sm\" href=\"https:\/\/sesapreunion.re\/wp-content\/uploads\/2022\/10\/Livret-dAccueil-SESAP-Re\u0301union.pdf\" target=\"_blank\">\n\t\t\t\t\t\t<span class=\"elementor-button-content-wrapper\">\n\t\t\t\t\t\t\t\t\t<span class=\"elementor-button-text\">Livret d'accueil SESAP<\/span>\n\t\t\t\t\t<\/span>\n\t\t\t\t\t<\/a>\n\t\t\t\t<\/div>\n\t\t\t\t\t\t\t\t<\/div>\n\t\t\t\t<\/div>\n\t\t\t\t\t<\/div>\n\t\t<\/div>\n\t\t\t\t<div class=\"elementor-column elementor-col-33 elementor-top-column elementor-element elementor-element-987d946\" data-id=\"987d946\" data-element_type=\"column\" data-e-type=\"column\" data-settings=\"{&quot;background_background&quot;:&quot;classic&quot;}\">\n\t\t\t<div class=\"elementor-widget-wrap elementor-element-populated\">\n\t\t\t\t\t\t<div class=\"elementor-element elementor-element-02927ea elementor-widget elementor-widget-heading\" data-id=\"02927ea\" data-element_type=\"widget\" data-e-type=\"widget\" data-widget_type=\"heading.default\">\n\t\t\t\t<div class=\"elementor-widget-container\">\n\t\t\t\t\t<h3 class=\"elementor-heading-title elementor-size-default\">Charte Nationale Qualit\u00e9 des Services \u00e0 la Personne<\/h3>\t\t\t\t<\/div>\n\t\t\t\t<\/div>\n\t\t\t\t<div class=\"elementor-element elementor-element-aed1eba elementor-widget elementor-widget-button\" data-id=\"aed1eba\" data-element_type=\"widget\" data-e-type=\"widget\" data-widget_type=\"button.default\">\n\t\t\t\t<div class=\"elementor-widget-container\">\n\t\t\t\t\t\t\t\t\t<div class=\"elementor-button-wrapper\">\n\t\t\t\t\t<a class=\"elementor-button elementor-button-link elementor-size-sm\" href=\"https:\/\/sesapreunion.re\/wp-content\/uploads\/2022\/10\/PDF_BD_AFFICHES_CHARTE_QUALITE_gen_2020-1.pdf\" target=\"_blank\">\n\t\t\t\t\t\t<span class=\"elementor-button-content-wrapper\">\n\t\t\t\t\t\t\t\t\t<span class=\"elementor-button-text\">Charte Nationale Qualit\u00e9<\/span>\n\t\t\t\t\t<\/span>\n\t\t\t\t\t<\/a>\n\t\t\t\t<\/div>\n\t\t\t\t\t\t\t\t<\/div>\n\t\t\t\t<\/div>\n\t\t\t\t\t<\/div>\n\t\t<\/div>\n\t\t\t\t\t<\/div>\n\t\t<\/section>\n\t\t\t\t<\/div>\n\t\t","protected":false},"excerpt":{"rendered":"<p>Proc\u00e9dures et chartes Les modalit\u00e9s de prise en charge dans le cadre des services d\u2019aide \u00e0 la personne Nos interventions sont organis\u00e9es sur la base d\u2019une relation entre : Le b\u00e9n\u00e9ficiaire de la prestation Le r\u00e9f\u00e9rent SESAP R\u00c9UNION, soit le responsable de secteur, reste votre interlocuteur privil\u00e9gi\u00e9 au sein de l\u2019antenne de votre secteur L\u2019intervenant(e) &hellip;<\/p>\n<p class=\"read-more\"> <a class=\"\" href=\"https:\/\/sesapreunion.re\/index.php\/ressources\/\"> <span class=\"screen-reader-text\">Ressources<\/span> Lire la suite\u00a0\u00bb<\/a><\/p>\n","protected":false},"author":1,"featured_media":0,"parent":0,"menu_order":0,"comment_status":"closed","ping_status":"closed","template":"","meta":{"site-sidebar-layout":"no-sidebar","site-content-layout":"page-builder","ast-main-header-display":"","ast-hfb-above-header-display":"","ast-hfb-below-header-display":"","ast-hfb-mobile-header-display":"","site-post-title":"disabled","ast-breadcrumbs-content":"","ast-featured-img":"disabled","footer-sml-layout":"","theme-transparent-header-meta":"","adv-header-id-meta":"","stick-header-meta":"","header-above-stick-meta":"","header-main-stick-meta":"","header-below-stick-meta":"","h5ap_radio_sources":[],"footnotes":""},"class_list":["post-558","page","type-page","status-publish","hentry"],"_links":{"self":[{"href":"https:\/\/sesapreunion.re\/index.php\/wp-json\/wp\/v2\/pages\/558","targetHints":{"allow":["GET"]}}],"collection":[{"href":"https:\/\/sesapreunion.re\/index.php\/wp-json\/wp\/v2\/pages"}],"about":[{"href":"https:\/\/sesapreunion.re\/index.php\/wp-json\/wp\/v2\/types\/page"}],"author":[{"embeddable":true,"href":"https:\/\/sesapreunion.re\/index.php\/wp-json\/wp\/v2\/users\/1"}],"replies":[{"embeddable":true,"href":"https:\/\/sesapreunion.re\/index.php\/wp-json\/wp\/v2\/comments?post=558"}],"version-history":[{"count":97,"href":"https:\/\/sesapreunion.re\/index.php\/wp-json\/wp\/v2\/pages\/558\/revisions"}],"predecessor-version":[{"id":1498,"href":"https:\/\/sesapreunion.re\/index.php\/wp-json\/wp\/v2\/pages\/558\/revisions\/1498"}],"wp:attachment":[{"href":"https:\/\/sesapreunion.re\/index.php\/wp-json\/wp\/v2\/media?parent=558"}],"curies":[{"name":"wp","href":"https:\/\/api.w.org\/{rel}","templated":true}]}}